{"id":3617,"date":"2025-03-11T16:54:45","date_gmt":"2025-03-11T16:54:45","guid":{"rendered":"https:\/\/cleopatraspahurghada.com\/?page_id=3617"},"modified":"2025-03-14T14:43:35","modified_gmt":"2025-03-14T14:43:35","slug":"relaxing-massage","status":"publish","type":"page","link":"https:\/\/cleopatraspahurghada.com\/fr\/relaxing-massage\/","title":{"rendered":"Relaxing Massage"},"content":{"rendered":"<div data-elementor-type=\"wp-post\" data-elementor-id=\"3617\" class=\"elementor elementor-3617\">\n\t\t\t\t<div class=\"elementor-element elementor-element-bdbb71b e-flex e-con-boxed e-con e-parent\" data-id=\"bdbb71b\" data-element_type=\"container\" data-settings=\"{&quot;background_background&quot;:&quot;classic&quot;,&quot;shape_divider_bottom&quot;:&quot;triangle&quot;,&quot;shape_divider_bottom_negative&quot;:&quot;yes&quot;}\">\n\t\t\t\t\t<div class=\"e-con-inner\">\n\t\t\t\t<div class=\"elementor-shape elementor-shape-bottom\" data-negative=\"true\">\n\t\t\t<svg xmlns=\"http:\/\/www.w3.org\/2000\/svg\" viewbox=\"0 0 1000 100\" preserveaspectratio=\"none\">\n\t<path class=\"elementor-shape-fill\" d=\"M500.2,94.7L0,0v100h1000V0L500.2,94.7z\"\/>\n<\/svg>\t\t<\/div>\n\t\t<div class=\"elementor-element elementor-element-36cf539 e-con-full e-flex e-con e-child\" data-id=\"36cf539\" data-element_type=\"container\">\n\t\t\t\t<div class=\"elementor-element elementor-element-b2feb67 jltma-glass-effect-no elementor-widget elementor-widget-heading\" data-id=\"b2feb67\" data-element_type=\"widget\" data-settings=\"{&quot;_animation&quot;:&quot;none&quot;}\" data-widget_type=\"heading.default\">\n\t\t\t\t<div class=\"elementor-widget-container\">\n\t\t\t<h1 class=\"elementor-heading-title elementor-size-default\">Relaxing Massage<\/h1>\t\t<\/div>\n\t\t\t\t<\/div>\n\t\t\t\t<\/div>\n\t\t\t\t\t<\/div>\n\t\t\t\t<\/div>\n\t\t<div class=\"elementor-element elementor-element-222bd28 e-con-full e-flex e-con e-parent\" data-id=\"222bd28\" data-element_type=\"container\" data-settings=\"{&quot;background_background&quot;:&quot;classic&quot;}\">\n\t\t<div class=\"elementor-element elementor-element-61bf6f6 e-con-full e-flex e-con e-child\" data-id=\"61bf6f6\" data-element_type=\"container\">\n\t\t<div class=\"elementor-element elementor-element-22962cc e-flex e-con-boxed e-con e-child\" data-id=\"22962cc\" data-element_type=\"container\" data-settings=\"{&quot;background_background&quot;:&quot;classic&quot;}\">\n\t\t\t\t\t<div class=\"e-con-inner\">\n\t\t<div class=\"elementor-element elementor-element-40dd3e0 elementor-hidden-phone e-con-full e-flex e-con e-child\" data-id=\"40dd3e0\" data-element_type=\"container\" data-settings=\"{&quot;background_background&quot;:&quot;classic&quot;}\">\n\t\t\t\t<div class=\"elementor-element elementor-element-10ef14e jltma-glass-effect-no elementor-widget elementor-widget-image\" data-id=\"10ef14e\" data-element_type=\"widget\" data-widget_type=\"image.default\">\n\t\t\t\t<div class=\"elementor-widget-container\">\n\t\t\t\t\t\t\t\t\t\t\t\t\t<img fetchpriority=\"high\" decoding=\"async\" width=\"564\" height=\"832\" src=\"https:\/\/cleopatraspahurghada.com\/wp-content\/uploads\/2024\/10\/869e88b46c39664d2c29d73c8546495d.jpg\" class=\"attachment-full size-full wp-image-3559\" alt=\"\" srcset=\"https:\/\/cleopatraspahurghada.com\/wp-content\/uploads\/2024\/10\/869e88b46c39664d2c29d73c8546495d.jpg 564w, https:\/\/cleopatraspahurghada.com\/wp-content\/uploads\/2024\/10\/869e88b46c39664d2c29d73c8546495d-203x300.jpg 203w, https:\/\/cleopatraspahurghada.com\/wp-content\/uploads\/2024\/10\/869e88b46c39664d2c29d73c8546495d-8x12.jpg 8w, https:\/\/cleopatraspahurghada.com\/wp-content\/uploads\/2024\/10\/869e88b46c39664d2c29d73c8546495d-200x295.jpg 200w\" sizes=\"(max-width: 564px) 100vw, 564px\" \/>\t\t\t\t\t\t\t\t\t\t\t\t\t<\/div>\n\t\t\t\t<\/div>\n\t\t\t\t<\/div>\n\t\t<div class=\"elementor-element elementor-element-023a74a e-con-full e-flex e-con e-child\" data-id=\"023a74a\" data-element_type=\"container\" data-settings=\"{&quot;background_background&quot;:&quot;classic&quot;}\">\n\t\t\t\t<div class=\"elementor-element elementor-element-0630ac2 jltma-glass-effect-no elementor-widget elementor-widget-image\" data-id=\"0630ac2\" data-element_type=\"widget\" data-widget_type=\"image.default\">\n\t\t\t\t<div class=\"elementor-widget-container\">\n\t\t\t\t\t\t\t\t\t\t\t\t\t<img decoding=\"async\" width=\"736\" height=\"920\" src=\"https:\/\/cleopatraspahurghada.com\/wp-content\/uploads\/2024\/10\/6a4807f4ab1b2bafb4a954a13c7aef7e.jpg\" class=\"attachment-large size-large wp-image-3561\" alt=\"\" srcset=\"https:\/\/cleopatraspahurghada.com\/wp-content\/uploads\/2024\/10\/6a4807f4ab1b2bafb4a954a13c7aef7e.jpg 736w, https:\/\/cleopatraspahurghada.com\/wp-content\/uploads\/2024\/10\/6a4807f4ab1b2bafb4a954a13c7aef7e-240x300.jpg 240w, https:\/\/cleopatraspahurghada.com\/wp-content\/uploads\/2024\/10\/6a4807f4ab1b2bafb4a954a13c7aef7e-10x12.jpg 10w, https:\/\/cleopatraspahurghada.com\/wp-content\/uploads\/2024\/10\/6a4807f4ab1b2bafb4a954a13c7aef7e-200x250.jpg 200w, https:\/\/cleopatraspahurghada.com\/wp-content\/uploads\/2024\/10\/6a4807f4ab1b2bafb4a954a13c7aef7e-600x750.jpg 600w\" sizes=\"(max-width: 736px) 100vw, 736px\" \/>\t\t\t\t\t\t\t\t\t\t\t\t\t<\/div>\n\t\t\t\t<\/div>\n\t\t\t\t<\/div>\n\t\t<div class=\"elementor-element elementor-element-09db9e1 e-con-full e-flex e-con e-child\" data-id=\"09db9e1\" data-element_type=\"container\" data-settings=\"{&quot;background_background&quot;:&quot;classic&quot;}\">\n\t\t\t\t<div class=\"elementor-element elementor-element-742bb6f jltma-glass-effect-no elementor-widget elementor-widget-heading\" data-id=\"742bb6f\" data-element_type=\"widget\" data-widget_type=\"heading.default\">\n\t\t\t\t<div class=\"elementor-widget-container\">\n\t\t\t<h3 class=\"elementor-heading-title elementor-size-default\">Our Relaxing Massage<\/h3>\t\t<\/div>\n\t\t\t\t<\/div>\n\t\t\t\t<div class=\"elementor-element elementor-element-e21ba53 jltma-glass-effect-no elementor-widget elementor-widget-text-editor\" data-id=\"e21ba53\" data-element_type=\"widget\" data-widget_type=\"text-editor.default\">\n\t\t\t\t<div class=\"elementor-widget-container\">\n\t\t\t\t\t\t\t<p>Relaxing Massage 1 hour<\/p><p><strong>Price: 15 euros<\/strong><\/p><p>Relaxation massage is a type of massage that aims to relieve muscular and mental tension and promote a sense of well-being and relaxation. Here&#8217;s a brief overview:<\/p><p>Main Goal:<\/p><p>Relieve tension and stress.<br \/>Soothe tense muscles.<br \/>Improve blood circulation.<br \/>Promote overall relaxation of the body and mind.<\/p>\t\t\t\t\t\t<\/div>\n\t\t\t\t<\/div>\n\t\t\t\t<\/div>\n\t\t\t\t\t<\/div>\n\t\t\t\t<\/div>\n\t\t\t\t<\/div>\n\t\t\t\t<\/div>\n\t\t<div class=\"elementor-element elementor-element-59d5f65 e-flex e-con-boxed e-con e-parent\" data-id=\"59d5f65\" data-element_type=\"container\">\n\t\t\t\t\t<div class=\"e-con-inner\">\n\t\t\t\t<div class=\"elementor-element elementor-element-ce20506 jltma-glass-effect-no elementor-widget elementor-widget-site_reviews\" data-id=\"ce20506\" data-element_type=\"widget\" data-widget_type=\"site_reviews.default\">\n\t\t\t\t<div class=\"elementor-widget-container\">\n\t\t\t<div class=\"glsr glsr-default\" id=\"glsr_e8cad06a\" data-from=\"elementor\" data-shortcode=\"site_reviews\" data-assigned_posts=\"3617\" data-display=\"10\"><div class=\"glsr-reviews-wrap\">\n    <div class=\"glsr-reviews\">\n        <div class=\"glsr-review\" data-type=\"local\" id=\"review-3713\" data-assigned='{\"assigned_posts\":[3617]}'>\n    <div class=\"glsr-review-title\"><h4 class=\"glsr-tag-value\">Bad Experience<\/h4><\/div>\n    <div class=\"glsr-review-rating\"><div class=\"glsr-star-rating glsr-stars\" role=\"img\" aria-label=\"Rated 1 out of 5 stars\" data-rating=\"1\" data-reviews=\"0\"><span class=\"glsr-star glsr-star-full\" aria-hidden=\"true\"><\/span><span class=\"glsr-star glsr-star-empty\" aria-hidden=\"true\"><\/span><span class=\"glsr-star glsr-star-empty\" aria-hidden=\"true\"><\/span><span class=\"glsr-star glsr-star-empty\" aria-hidden=\"true\"><\/span><span class=\"glsr-star glsr-star-empty\" aria-hidden=\"true\"><\/span><\/div><\/div> <div class=\"glsr-review-date\"><span class=\"glsr-tag-value\">d\u00e9cembre 23, 2025<\/span><\/div>\n    \n    <div class=\"glsr-review-content\"><div class=\"glsr-tag-value\" data-expanded=\"false\"><p class=\"glsr-hidden-text\" data-show-less=\"Afficher moins\" data-show-more=\"Afficher plus\" data-trigger=\"expand\">We booked and paid for 2 people over the internet and after we arrived there they told us that we have to pay 20 Euro Dollars extra in cash, we had no option but to pay to avoid the hassle of cancelling and might not get a refund and lose the money we already paid<span class=\"glsr-hidden\">.<\/span><\/p><\/div><\/div>\n     <div class=\"glsr-review-author\"><span class=\"glsr-tag-value\">John<\/span><\/div> \n    \n<\/div>\n    <\/div>\n    \n<\/div><\/div>\t\t<\/div>\n\t\t\t\t<\/div>\n\t\t\t\t\t<\/div>\n\t\t\t\t<\/div>\n\t\t<div class=\"elementor-element elementor-element-5289a18 e-flex e-con-boxed e-con e-parent\" data-id=\"5289a18\" data-element_type=\"container\">\n\t\t\t\t\t<div class=\"e-con-inner\">\n\t\t\t\t<div class=\"elementor-element elementor-element-a179e45 jltma-glass-effect-no elementor-widget elementor-widget-site_reviews_form\" data-id=\"a179e45\" data-element_type=\"widget\" data-widget_type=\"site_reviews_form.default\">\n\t\t\t\t<div class=\"elementor-widget-container\">\n\t\t\t<div class=\"glsr glsr-default\" id=\"glsr_7beb4d68\" data-from=\"elementor\" data-shortcode=\"site_reviews_form\" data-assigned_posts=\"3617\"><div class=\"glsr-form-wrap\">\n    <form class=\"glsr-review-form glsr-form\" method=\"post\" enctype=\"multipart\/form-data\" action=\"\">\n        <input type=\"hidden\" name=\"site-reviews[_action]\" value=\"submit-review\" \/>\n<input type=\"hidden\" name=\"site-reviews[_nonce]\" value=\"bc4916d53d\" \/>\n<input type=\"hidden\" name=\"site-reviews[_post_id]\" value=\"3617\" \/>\n<input type=\"hidden\" name=\"site-reviews[_referer]\" value=\"\" \/>\n<input type=\"hidden\" name=\"site-reviews[assigned_posts]\" value=\"3617\" \/>\n<input type=\"hidden\" name=\"site-reviews[assigned_terms]\" value=\"\" \/>\n<input type=\"hidden\" name=\"site-reviews[assigned_users]\" value=\"\" \/>\n<input type=\"hidden\" name=\"site-reviews[excluded]\" value=\"\" \/>\n<input type=\"hidden\" name=\"site-reviews[form_id]\" value=\"glsr_7beb4d68\" \/>\n<input type=\"hidden\" name=\"site-reviews[terms_exist]\" value=\"1\" \/>\n<input type=\"hidden\" name=\"site-reviews[form_signature]\" value=\"LSVcWSl40YFYnXCwu2NfpUPC9V90q759wrVfMJiakmr8QGKKv5Wdqy7SJ5sydLccAKocVEBoMeethfa5Uu6JSSt6wqjwi6fJenGAFkY2gK6zRIae71866ejB_ZmZa3zvHVc4o3_zoJtbMLV90t0XcF6Yn5XntcF8MgV9YT8vo0z-2UIQDgZD_sIXK9kO3SeTad7SeBtQo3FS0K1r25pbthmxJiBhfymlcyfjZEGBdoIosrvlAxPCun8znTec4EloMEBHkUFIKfL4aOzhwcxqjeDPpzuMORJsqMJOF40OxLMbdtyD4P9TWA8O09kBVwLFL1g0iNLa_MAfRDuI5ZCdOa6umBLcfBLm05Y0TD6ATMtVL9bNQrmcGaPmH32m5zzsnHCjRoGCOzoqac13nR6t84HSwgf1JJlC\" \/>\n<div class=\"glsr-field\" style=\"display:none;\"><label for=\"site-reviews-66c57ffb-glsr_7beb4d68\">Votre avis<\/label><input type=\"text\" class=\"glsr-input glsr-input-text\" id=\"site-reviews-66c57ffb-glsr_7beb4d68\" name=\"site-reviews[66c57ffb]\" value=\"\" \/><\/div>\n<div class=\"glsr-field glsr-field-rating glsr-required\" data-field=\"rating\">\n    <label class=\"glsr-label\" for=\"glsr_7beb4d68-rating\">\n    <span>Votre note globale<\/span>\n<\/label>\n    <select class=\"browser-default disable-select no_wrap no-wrap glsr-select\" id=\"glsr_7beb4d68-rating\" name=\"site-reviews[rating]\" required><option value=\"\">S\u00e9lectionnez une note<\/option><option value=\"5\">5 \u00e9toiles<\/option><option value=\"4\">4 \u00e9toiles<\/option><option value=\"3\">3 \u00e9toiles<\/option><option value=\"2\">2 \u00e9toiles<\/option><option value=\"1\">1 \u00e9toile<\/option><\/select>\n    <div class=\"glsr-field-error\"><\/div>\n<\/div>\n<div class=\"glsr-field glsr-field-text glsr-required\" data-field=\"title\">\n    <label class=\"glsr-label\" for=\"glsr_7beb4d68-title\">\n    <span>Titre de votre avis<\/span>\n<\/label>\n    <input type=\"text\" class=\"glsr-input glsr-input-text\" id=\"glsr_7beb4d68-title\" name=\"site-reviews[title]\" required placeholder=\"R\u00e9sumez votre avis ou mettez en \u00e9vidence un d\u00e9tail int\u00e9ressant\" value=\"\" \/>\n    <div class=\"glsr-field-error\"><\/div>\n<\/div>\n<div class=\"glsr-field glsr-field-textarea glsr-required\" data-field=\"content\">\n    <label class=\"glsr-label\" for=\"glsr_7beb4d68-content\">\n    <span>Votre avis<\/span>\n<\/label>\n    <textarea class=\"glsr-textarea\" id=\"glsr_7beb4d68-content\" name=\"site-reviews[content]\" required placeholder=\"Donnez votre avis\" rows=\"5\"><\/textarea>\n    <div class=\"glsr-field-error\"><\/div>\n<\/div>\n<div class=\"glsr-field glsr-field-text glsr-required\" data-field=\"name\">\n    <label class=\"glsr-label\" for=\"glsr_7beb4d68-name\">\n    <span>Votre nom<\/span>\n<\/label>\n    <input type=\"text\" class=\"glsr-input glsr-input-text\" id=\"glsr_7beb4d68-name\" name=\"site-reviews[name]\" required placeholder=\"Donnez votre nom\" value=\"\" \/>\n    <div class=\"glsr-field-error\"><\/div>\n<\/div>\n<div class=\"glsr-field glsr-field-email glsr-required\" data-field=\"email\">\n    <label class=\"glsr-label\" for=\"glsr_7beb4d68-email\">\n    <span>Votre e-mail<\/span>\n<\/label>\n    <input type=\"email\" class=\"glsr-input glsr-input-email\" id=\"glsr_7beb4d68-email\" name=\"site-reviews[email]\" required placeholder=\"Donnez votre e-mail\" value=\"\" \/>\n    <div class=\"glsr-field-error\"><\/div>\n<\/div>\n<div class=\"glsr-field glsr-field-choice glsr-required\" data-field=\"terms\">\n    \n    <span class=\"glsr-field-toggle\">\n    <span class=\"glsr-toggle\">\n        <label for=\"glsr_7beb4d68-terms-1\">Cette note est fond\u00e9e sur ma propre exp\u00e9rience et mon v\u00e9ritable avis.<\/label>\n        <span class=\"glsr-toggle-switch\">\n            <input type=\"checkbox\" class=\"glsr-input-toggle\" id=\"glsr_7beb4d68-terms-1\" name=\"site-reviews[terms]\" required value=\"1\" \/> &#8203; <!-- zero-space character used for alignment -->\n            <span class=\"glsr-toggle-track\"><\/span>\n        <\/span>\n    <\/span>\n<\/span>\n    <div class=\"glsr-field-error\"><\/div>\n<\/div>\n        <div class=\"glsr-form-message\">\n    \n<\/div>\n        <div data-field=\"submit-button\">\n    <div class=\"wp-block-button\">\n        <button type=\"submit\" class=\"glsr-button wp-block-button__link\" aria-busy=\"false\" data-loading=\"Submitting, please wait...\">Envoyer un avis<\/button>\n    <\/div>\n<\/div>\n    <input type=\"hidden\" name=\"trp-form-language\" value=\"fr\"\/><\/form>\n<\/div><\/div>\t\t<\/div>\n\t\t\t\t<\/div>\n\t\t\t\t\t<\/div>\n\t\t\t\t<\/div>\n\t\t<div class=\"elementor-element elementor-element-efdac2e e-flex e-con-boxed e-con e-parent\" data-id=\"efdac2e\" data-element_type=\"container\" data-settings=\"{&quot;background_background&quot;:&quot;classic&quot;}\">\n\t\t\t\t\t<div class=\"e-con-inner\">\n\t\t<div class=\"elementor-element elementor-element-a2ba600 e-con-full e-flex e-con e-child\" data-id=\"a2ba600\" data-element_type=\"container\" data-settings=\"{&quot;background_background&quot;:&quot;classic&quot;}\">\n\t\t\t\t<div class=\"elementor-element elementor-element-a41eebd elementor-position-left elementor-vertical-align-middle elementor-widget-mobile__width-inherit jltma-glass-effect-no elementor-widget elementor-widget-image-box\" data-id=\"a41eebd\" data-element_type=\"widget\" data-widget_type=\"image-box.default\">\n\t\t\t\t<div class=\"elementor-widget-container\">\n\t\t\t<div class=\"elementor-image-box-wrapper\"><figure class=\"elementor-image-box-img\"><img decoding=\"async\" width=\"64\" height=\"64\" src=\"https:\/\/cleopatraspahurghada.com\/wp-content\/uploads\/2021\/03\/fitness.png\" class=\"attachment-full size-full wp-image-1569\" alt=\"\" srcset=\"https:\/\/cleopatraspahurghada.com\/wp-content\/uploads\/2021\/03\/fitness.png 64w, https:\/\/cleopatraspahurghada.com\/wp-content\/uploads\/2021\/03\/fitness-12x12.png 12w\" sizes=\"(max-width: 64px) 100vw, 64px\" \/><\/figure><div class=\"elementor-image-box-content\"><h2 class=\"elementor-image-box-title\">72+<\/h2><p class=\"elementor-image-box-description\">Visites par semaine<\/p><\/div><\/div>\t\t<\/div>\n\t\t\t\t<\/div>\n\t\t\t\t<\/div>\n\t\t<div class=\"elementor-element elementor-element-30349e6 e-con-full e-flex e-con e-child\" data-id=\"30349e6\" data-element_type=\"container\" data-settings=\"{&quot;background_background&quot;:&quot;classic&quot;}\">\n\t\t\t\t<div class=\"elementor-element elementor-element-ce69fcb elementor-position-left elementor-vertical-align-middle elementor-widget-mobile__width-inherit jltma-glass-effect-no elementor-widget elementor-widget-image-box\" data-id=\"ce69fcb\" data-element_type=\"widget\" data-widget_type=\"image-box.default\">\n\t\t\t\t<div class=\"elementor-widget-container\">\n\t\t\t<div class=\"elementor-image-box-wrapper\"><figure class=\"elementor-image-box-img\"><img loading=\"lazy\" decoding=\"async\" width=\"64\" height=\"64\" src=\"https:\/\/cleopatraspahurghada.com\/wp-content\/uploads\/2021\/03\/calendar.png\" class=\"attachment-full size-full wp-image-1570\" alt=\"\" srcset=\"https:\/\/cleopatraspahurghada.com\/wp-content\/uploads\/2021\/03\/calendar.png 64w, https:\/\/cleopatraspahurghada.com\/wp-content\/uploads\/2021\/03\/calendar-12x12.png 12w\" sizes=\"(max-width: 64px) 100vw, 64px\" \/><\/figure><div class=\"elementor-image-box-content\"><h2 class=\"elementor-image-box-title\">10+<\/h2><p class=\"elementor-image-box-description\">Clients Quotidiens <\/p><\/div><\/div>\t\t<\/div>\n\t\t\t\t<\/div>\n\t\t\t\t<\/div>\n\t\t<div class=\"elementor-element elementor-element-ab5186a e-con-full e-flex e-con e-child\" data-id=\"ab5186a\" data-element_type=\"container\" data-settings=\"{&quot;background_background&quot;:&quot;classic&quot;}\">\n\t\t\t\t<div class=\"elementor-element elementor-element-680fca1 elementor-position-left elementor-vertical-align-middle elementor-widget-mobile__width-inherit jltma-glass-effect-no elementor-widget elementor-widget-image-box\" data-id=\"680fca1\" data-element_type=\"widget\" data-widget_type=\"image-box.default\">\n\t\t\t\t<div class=\"elementor-widget-container\">\n\t\t\t<div class=\"elementor-image-box-wrapper\"><figure class=\"elementor-image-box-img\"><img loading=\"lazy\" decoding=\"async\" width=\"64\" height=\"64\" src=\"https:\/\/cleopatraspahurghada.com\/wp-content\/uploads\/2021\/03\/exercise.png\" class=\"attachment-full size-full wp-image-1571\" alt=\"\" srcset=\"https:\/\/cleopatraspahurghada.com\/wp-content\/uploads\/2021\/03\/exercise.png 64w, https:\/\/cleopatraspahurghada.com\/wp-content\/uploads\/2021\/03\/exercise-12x12.png 12w\" sizes=\"(max-width: 64px) 100vw, 64px\" \/><\/figure><div class=\"elementor-image-box-content\"><h2 class=\"elementor-image-box-title\">20+<\/h2><p class=\"elementor-image-box-description\">S\u00e9ances de massage<\/p><\/div><\/div>\t\t<\/div>\n\t\t\t\t<\/div>\n\t\t\t\t<\/div>\n\t\t<div class=\"elementor-element elementor-element-a274ccc e-con-full e-flex e-con e-child\" data-id=\"a274ccc\" data-element_type=\"container\" data-settings=\"{&quot;background_background&quot;:&quot;classic&quot;}\">\n\t\t\t\t<div class=\"elementor-element elementor-element-f88cea6 elementor-position-left elementor-vertical-align-middle elementor-widget-mobile__width-inherit jltma-glass-effect-no elementor-widget elementor-widget-image-box\" data-id=\"f88cea6\" data-element_type=\"widget\" data-widget_type=\"image-box.default\">\n\t\t\t\t<div class=\"elementor-widget-container\">\n\t\t\t<div class=\"elementor-image-box-wrapper\"><figure class=\"elementor-image-box-img\"><img loading=\"lazy\" decoding=\"async\" width=\"64\" height=\"64\" src=\"https:\/\/cleopatraspahurghada.com\/wp-content\/uploads\/2021\/03\/smiley.png\" class=\"attachment-full size-full wp-image-1572\" alt=\"\" srcset=\"https:\/\/cleopatraspahurghada.com\/wp-content\/uploads\/2021\/03\/smiley.png 64w, https:\/\/cleopatraspahurghada.com\/wp-content\/uploads\/2021\/03\/smiley-12x12.png 12w\" sizes=\"(max-width: 64px) 100vw, 64px\" \/><\/figure><div class=\"elementor-image-box-content\"><h2 class=\"elementor-image-box-title\">1000+<\/h2><p class=\"elementor-image-box-description\">Clients satisfaits <\/p><\/div><\/div>\t\t<\/div>\n\t\t\t\t<\/div>\n\t\t\t\t<\/div>\n\t\t\t\t\t<\/div>\n\t\t\t\t<\/div>\n\t\t\t\t<\/div>","protected":false},"excerpt":{"rendered":"<p>Relaxing Massage Our Relaxing Massage Relaxing Massage 1 hour Price: 15 euros Relaxation massage is a type of massage that aims to relieve muscular and mental tension and promote a sense of well-being and relaxation. Here&#8217;s a brief overview: Main Goal: Relieve tension and stress.Soothe tense muscles.Improve blood circulation.Promote overall relaxation of the body and [&hellip;]<\/p>","protected":false},"author":1,"featured_media":0,"parent":0,"menu_order":0,"comment_status":"closed","ping_status":"closed","template":"","meta":{"rank_math_lock_modified_date":false,"site-sidebar-layout":"no-sidebar","site-content-layout":"page-builder","ast-site-content-layout":"full-width-container","site-content-style":"unboxed","site-sidebar-style":"unboxed","ast-global-header-display":"","ast-banner-title-visibility":"","ast-main-header-display":"","ast-hfb-above-header-display":"","ast-hfb-below-header-display":"","ast-hfb-mobile-header-display":"","site-post-title":"disabled","ast-breadcrumbs-content":"","ast-featured-img":"disabled","footer-sml-layout":"","theme-transparent-header-meta":"default","adv-header-id-meta":"","stick-header-meta":"","header-above-stick-meta":"","header-main-stick-meta":"","header-below-stick-meta":"","astra-migrate-meta-layouts":"set","ast-page-background-enabled":"default","ast-page-background-meta":{"desktop":{"background-color":"","background-image":"","background-repeat":"repeat","background-position":"center center","background-size":"auto","background-attachment":"scroll","background-type":"","background-media":"","overlay-type":"","overlay-color":"","overlay-opacity":"","overlay-gradient":""},"tablet":{"background-color":"","background-image":"","background-repeat":"repeat","background-position":"center center","background-size":"auto","background-attachment":"scroll","background-type":"","background-media":"","overlay-type":"","overlay-color":"","overlay-opacity":"","overlay-gradient":""},"mobile":{"background-color":"","background-image":"","background-repeat":"repeat","background-position":"center center","background-size":"auto","background-attachment":"scroll","background-type":"","background-media":"","overlay-type":"","overlay-color":"","overlay-opacity":"","overlay-gradient":""}},"ast-content-background-meta":{"desktop":{"background-color":"var(--ast-global-color-5)","background-image":"","background-repeat":"repeat","background-position":"center center","background-size":"auto","background-attachment":"scroll","background-type":"","background-media":"","overlay-type":"","overlay-color":"","overlay-opacity":"","overlay-gradient":""},"tablet":{"background-color":"var(--ast-global-color-5)","background-image":"","background-repeat":"repeat","background-position":"center center","background-size":"auto","background-attachment":"scroll","background-type":"","background-media":"","overlay-type":"","overlay-color":"","overlay-opacity":"","overlay-gradient":""},"mobile":{"background-color":"var(--ast-global-color-5)","background-image":"","background-repeat":"repeat","background-position":"center center","background-size":"auto","background-attachment":"scroll","background-type":"","background-media":"","overlay-type":"","overlay-color":"","overlay-opacity":"","overlay-gradient":""}},"_glsr_average":1,"_glsr_ranking":3.2727272727273,"_glsr_reviews":1,"_joinchat":[],"footnotes":""},"_links":{"self":[{"href":"https:\/\/cleopatraspahurghada.com\/fr\/wp-json\/wp\/v2\/pages\/3617"}],"collection":[{"href":"https:\/\/cleopatraspahurghada.com\/fr\/wp-json\/wp\/v2\/pages"}],"about":[{"href":"https:\/\/cleopatraspahurghada.com\/fr\/wp-json\/wp\/v2\/types\/page"}],"author":[{"embeddable":true,"href":"https:\/\/cleopatraspahurghada.com\/fr\/wp-json\/wp\/v2\/users\/1"}],"replies":[{"embeddable":true,"href":"https:\/\/cleopatraspahurghada.com\/fr\/wp-json\/wp\/v2\/comments?post=3617"}],"version-history":[{"count":10,"href":"https:\/\/cleopatraspahurghada.com\/fr\/wp-json\/wp\/v2\/pages\/3617\/revisions"}],"predecessor-version":[{"id":3673,"href":"https:\/\/cleopatraspahurghada.com\/fr\/wp-json\/wp\/v2\/pages\/3617\/revisions\/3673"}],"wp:attachment":[{"href":"https:\/\/cleopatraspahurghada.com\/fr\/wp-json\/wp\/v2\/media?parent=3617"}],"curies":[{"name":"wp","href":"https:\/\/api.w.org\/{rel}","templated":true}]}}