{"id":3003,"date":"2024-06-27T15:26:28","date_gmt":"2024-06-27T15:26:28","guid":{"rendered":"https:\/\/cleopatraspahurghada.com\/?page_id=3003"},"modified":"2024-06-30T13:18:26","modified_gmt":"2024-06-30T13:18:26","slug":"cleopatra-spa-hurghada-hammam","status":"publish","type":"page","link":"https:\/\/cleopatraspahurghada.com\/fr\/cleopatra-spa-hurghada-hammam\/","title":{"rendered":"Hammam"},"content":{"rendered":"<div data-elementor-type=\"wp-post\" data-elementor-id=\"3003\" class=\"elementor elementor-3003\">\n\t\t\t\t<div class=\"elementor-element elementor-element-ec7d745 animated-slow e-flex e-con-boxed e-con e-parent\" data-id=\"ec7d745\" data-element_type=\"container\" data-settings=\"{&quot;animation&quot;:&quot;none&quot;}\">\n\t\t\t\t\t<div class=\"e-con-inner\">\n\t\t<div class=\"elementor-element elementor-element-ad439f8 e-flex e-con-boxed e-con e-child\" data-id=\"ad439f8\" data-element_type=\"container\" data-settings=\"{&quot;background_background&quot;:&quot;classic&quot;}\">\n\t\t\t\t\t<div class=\"e-con-inner\">\n\t\t\t\t<div class=\"elementor-element elementor-element-486d11c jltma-glass-effect-no elementor-widget elementor-widget-heading\" data-id=\"486d11c\" data-element_type=\"widget\" data-widget_type=\"heading.default\">\n\t\t\t\t<div class=\"elementor-widget-container\">\n\t\t\t<h2 class=\"elementor-heading-title elementor-size-default\">Hammam at Cleopatra Spa<\/h2>\t\t<\/div>\n\t\t\t\t<\/div>\n\t\t\t\t\t<\/div>\n\t\t\t\t<\/div>\n\t\t\t\t\t<\/div>\n\t\t\t\t<\/div>\n\t\t<div class=\"elementor-element elementor-element-54f2412 e-grid e-con-boxed e-con e-parent\" data-id=\"54f2412\" data-element_type=\"container\" data-settings=\"{&quot;animation&quot;:&quot;none&quot;,&quot;animation_delay&quot;:0}\">\n\t\t\t\t\t<div class=\"e-con-inner\">\n\t\t\t\t<div class=\"elementor-element elementor-element-c4d39ee jltma-glass-effect-no elementor-widget elementor-widget-text-editor\" data-id=\"c4d39ee\" data-element_type=\"widget\" data-widget_type=\"text-editor.default\">\n\t\t\t\t<div class=\"elementor-widget-container\">\n\t\t\t\t\t\t\t<p>Experience the ultimate relaxation and rejuvenation with our traditional Hammam services. Cleopatra Spa offers an<br>authentic Hammam experience, allowing you to unwind and detoxify in a serene, culturally-rich atmosphere. Our Hammam<br>treatments are designed to deeply cleanse and exfoliate your skin, leaving it soft, refreshed, and radiant. Immerse yourself in<br>the warmth of our steam baths and enjoy a variety of services including the Luxurious Jacuzzi &amp; Turkish Hammam and Moroccan Hammam, each offering unique benefits and rituals.<\/p>\t\t\t\t\t\t<\/div>\n\t\t\t\t<\/div>\n\t\t\t\t\t<\/div>\n\t\t\t\t<\/div>\n\t\t<div class=\"elementor-element elementor-element-3378c1a e-grid e-con-boxed elementor-invisible e-con e-parent\" data-id=\"3378c1a\" data-element_type=\"container\" data-settings=\"{&quot;animation&quot;:&quot;fadeIn&quot;}\">\n\t\t\t\t\t<div class=\"e-con-inner\">\n\t\t<div class=\"elementor-element elementor-element-482d2b3 animated-slow e-flex e-con-boxed elementor-invisible e-con e-child\" data-id=\"482d2b3\" data-element_type=\"container\" data-settings=\"{&quot;animation&quot;:&quot;fadeInUp&quot;}\">\n\t\t\t\t\t<div class=\"e-con-inner\">\n\t\t\t\t<div class=\"elementor-element elementor-element-bbbad3d jltma-glass-effect-no elementor-widget elementor-widget-image\" data-id=\"bbbad3d\" data-element_type=\"widget\" data-widget_type=\"image.default\">\n\t\t\t\t<div class=\"elementor-widget-container\">\n\t\t\t\t\t\t\t\t\t\t\t\t\t<img fetchpriority=\"high\" decoding=\"async\" width=\"513\" height=\"291\" src=\"https:\/\/cleopatraspahurghada.com\/wp-content\/uploads\/2024\/06\/Image-37.png\" class=\"attachment-large size-large wp-image-3032\" alt=\"\" srcset=\"https:\/\/cleopatraspahurghada.com\/wp-content\/uploads\/2024\/06\/Image-37.png 513w, https:\/\/cleopatraspahurghada.com\/wp-content\/uploads\/2024\/06\/Image-37-300x170.png 300w, https:\/\/cleopatraspahurghada.com\/wp-content\/uploads\/2024\/06\/Image-37-18x10.png 18w\" sizes=\"(max-width: 513px) 100vw, 513px\" \/>\t\t\t\t\t\t\t\t\t\t\t\t\t<\/div>\n\t\t\t\t<\/div>\n\t\t\t\t<div class=\"elementor-element elementor-element-20ea5cf jltma-glass-effect-no elementor-widget elementor-widget-heading\" data-id=\"20ea5cf\" data-element_type=\"widget\" data-widget_type=\"heading.default\">\n\t\t\t\t<div class=\"elementor-widget-container\">\n\t\t\t<h2 class=\"elementor-heading-title elementor-size-default\">Turkish Bath<\/h2>\t\t<\/div>\n\t\t\t\t<\/div>\n\t\t\t\t<div class=\"elementor-element elementor-element-d185111 jltma-glass-effect-no elementor-widget elementor-widget-text-editor\" data-id=\"d185111\" data-element_type=\"widget\" data-widget_type=\"text-editor.default\">\n\t\t\t\t<div class=\"elementor-widget-container\">\n\t\t\t\t\t\t\t<ul><li>Sauna, steam bath, hot Turkish bath &amp; jacuzzi<\/li><li>Scrap to clean the body from dead skin<\/li><li>Massage foam with a face mask<\/li><li>Period : 1\u202a Hour<\/li><\/ul>\t\t\t\t\t\t<\/div>\n\t\t\t\t<\/div>\n\t\t\t\t\t<\/div>\n\t\t\t\t<\/div>\n\t\t<div class=\"elementor-element elementor-element-e9739c7 animated-slow e-flex e-con-boxed elementor-invisible e-con e-child\" data-id=\"e9739c7\" data-element_type=\"container\" data-settings=\"{&quot;animation&quot;:&quot;fadeInUp&quot;}\">\n\t\t\t\t\t<div class=\"e-con-inner\">\n\t\t\t\t<div class=\"elementor-element elementor-element-7558a32 jltma-glass-effect-no elementor-widget elementor-widget-image\" data-id=\"7558a32\" data-element_type=\"widget\" data-widget_type=\"image.default\">\n\t\t\t\t<div class=\"elementor-widget-container\">\n\t\t\t\t\t\t\t\t\t\t\t\t\t<img decoding=\"async\" width=\"514\" height=\"291\" src=\"https:\/\/cleopatraspahurghada.com\/wp-content\/uploads\/2024\/06\/Image-31-2.png\" class=\"attachment-large size-large wp-image-3027\" alt=\"\" srcset=\"https:\/\/cleopatraspahurghada.com\/wp-content\/uploads\/2024\/06\/Image-31-2.png 514w, https:\/\/cleopatraspahurghada.com\/wp-content\/uploads\/2024\/06\/Image-31-2-300x170.png 300w, https:\/\/cleopatraspahurghada.com\/wp-content\/uploads\/2024\/06\/Image-31-2-18x10.png 18w\" sizes=\"(max-width: 514px) 100vw, 514px\" \/>\t\t\t\t\t\t\t\t\t\t\t\t\t<\/div>\n\t\t\t\t<\/div>\n\t\t\t\t<div class=\"elementor-element elementor-element-caf3059 jltma-glass-effect-no elementor-widget elementor-widget-heading\" data-id=\"caf3059\" data-element_type=\"widget\" data-widget_type=\"heading.default\">\n\t\t\t\t<div class=\"elementor-widget-container\">\n\t\t\t<h2 class=\"elementor-heading-title elementor-size-default\">Bain marocain<\/h2>\t\t<\/div>\n\t\t\t\t<\/div>\n\t\t\t\t<div class=\"elementor-element elementor-element-bf53a21 jltma-glass-effect-no elementor-widget elementor-widget-text-editor\" data-id=\"bf53a21\" data-element_type=\"widget\" data-widget_type=\"text-editor.default\">\n\t\t\t\t<div class=\"elementor-widget-container\">\n\t\t\t\t\t\t\t<ul><li>Sauna, steam bath, hot Moroccan Bath &amp; jacuzzi<\/li><li>Scrap to clean the body from dead skin<\/li><li>Full body mud mask<\/li><li>Massage foam<\/li><li>Full body medical massage<\/li><li>Period : 2 Hours<\/li><\/ul>\t\t\t\t\t\t<\/div>\n\t\t\t\t<\/div>\n\t\t\t\t\t<\/div>\n\t\t\t\t<\/div>\n\t\t\t\t\t<\/div>\n\t\t\t\t<\/div>\n\t\t<div class=\"elementor-element elementor-element-00af906 e-flex e-con-boxed e-con e-parent\" data-id=\"00af906\" data-element_type=\"container\">\n\t\t\t\t\t<div class=\"e-con-inner\">\n\t\t\t\t<div class=\"elementor-element elementor-element-d536bf6 jltma-glass-effect-no elementor-widget elementor-widget-heading\" data-id=\"d536bf6\" data-element_type=\"widget\" data-widget_type=\"heading.default\">\n\t\t\t\t<div class=\"elementor-widget-container\">\n\t\t\t<h2 class=\"elementor-heading-title elementor-size-default\">Benefits of Hammam<\/h2>\t\t<\/div>\n\t\t\t\t<\/div>\n\t\t\t\t\t<\/div>\n\t\t\t\t<\/div>\n\t\t<div class=\"elementor-element elementor-element-7607c48 e-grid e-con-boxed e-con e-parent\" data-id=\"7607c48\" data-element_type=\"container\">\n\t\t\t\t\t<div class=\"e-con-inner\">\n\t\t\t\t<div class=\"elementor-element elementor-element-482bb18 xpro-content-aligncenter jltma-glass-effect-no elementor-widget elementor-widget-xpro-icon-box\" data-id=\"482bb18\" data-element_type=\"widget\" data-widget_type=\"xpro-icon-box.default\">\n\t\t\t\t<div class=\"elementor-widget-container\">\n\t\t\t\r\n<a  class=\"xpro-box-icon-wrapper\">\r\n<div class=\"xpro-box-icon-wrapper-inner\">\r\n\t\r\n\t\t\t<span class=\"xpro-box-icon-item\">\r\n\t\t\t\t<svg xmlns=\"http:\/\/www.w3.org\/2000\/svg\" width=\"800px\" height=\"800px\" viewbox=\"0 0 24 24\" fill=\"none\"><path fill-rule=\"evenodd\" clip-rule=\"evenodd\" d=\"M15.9389 0.18598C16.4702 0.102408 16.9725 0.454097 17.0757 0.981975C17.2725 2.31354 17.3264 3.7032 16.8963 4.99818C17.2323 5.03578 17.587 5.11567 17.961 5.24909C19.6655 5.85718 20.6768 7.22288 21.2493 8.61139C21.385 8.94043 21.3355 9.31677 21.1195 9.5996C20.9034 9.88243 20.5533 10.0291 20.2002 9.98476C18.8395 9.81385 18 11.2888 18 12.4723C18 13.6663 18.8616 15.1578 20.2343 14.9551C20.5813 14.9039 20.9298 15.0383 21.1526 15.3092C21.3755 15.5801 21.4401 15.9479 21.3228 16.2786C20.4042 18.8697 18.6123 21.3691 16.5131 22.6239C15.8866 22.9983 15.2619 23.0364 14.6928 22.8996C14.2283 22.7879 13.8054 22.5607 13.3896 22.3325C12.7985 22.0087 12.4181 21.8215 12 21.8215C11.5819 21.8215 11.2015 22.0087 10.6104 22.3325C10.1946 22.5607 9.77173 22.7879 9.30716 22.8996C8.73813 23.0364 8.11336 22.9983 7.48692 22.6239C5.94833 21.7042 4.58791 20.1238 3.61563 18.3615C2.64111 16.5951 2 14.5441 2 12.6156C2 11.4859 2.18364 9.98182 2.75469 8.60172C3.3278 7.21662 4.33844 5.85577 6.03899 5.24909C8.01136 4.54543 9.44668 5.33051 10.4392 5.95795C10.452 5.00574 10.6115 3.69261 11.3364 2.6573C12.34 1.22403 14.2513 0.452307 15.9389 0.18598ZM6.71101 7.13281C7.86767 6.72016 8.60885 7.15971 9.62114 7.80866C10.3434 8.27332 11.1111 8.74136 12 8.74136C12.8889 8.74136 13.6566 8.27331 14.3789 7.80866C15.3911 7.15972 16.1323 6.72017 17.289 7.13281C17.8735 7.34135 18.349 7.71032 18.7314 8.19753C17.0785 8.80977 16 10.5855 16 12.4723C16 14.435 17.167 16.2775 18.9336 16.8152C18.0714 18.5969 16 20.7925 15.4869 20.9072C15.0892 20.9961 14.6435 20.739 14.3506 20.5786C13.6174 20.1761 12.8553 19.8215 12 19.8215C11.0276 19.8215 10.2323 20.2584 9.70567 20.5477C9.39395 20.7188 8.88337 21.1285 8.51308 20.9072C7.36157 20.2189 6.22198 18.9454 5.36679 17.3954C4.51384 15.8493 4 14.1294 4 12.6156C4 11.6677 4.1588 10.4393 4.60273 9.36639C5.04459 8.2985 5.72146 7.48584 6.71101 7.13281ZM14.6893 5.005C14.1791 5.73362 13.2659 6.12202 12.4439 6.38708C12.4119 5.52406 12.4645 4.53307 12.9747 3.80445C13.4849 3.07582 14.3981 2.68742 15.22 2.42236C15.2521 3.28539 15.1995 4.27637 14.6893 5.005Z\" fill=\"#000000\"><\/path><\/svg>\t\t\t<\/span>\r\n\t\r\n\t<span class=\"xpro-box-icon-content\">\r\n\t<h3 class=\"xpro-box-icon-title\">Detoxifcation<\/h3>\r\n\t\t\t\t\t<p class=\"xpro-box-icon-description\">\u00c9liminez les toxines et les\nimpuret\u00e9s gr\u00e2ce \u00e0 un nettoyage en profondeur.<\/p>\r\n\t\t\t\t\t<\/span>\r\n\r\n<\/div>\r\n<\/a>\r\n\t\t<\/div>\n\t\t\t\t<\/div>\n\t\t\t\t<div class=\"elementor-element elementor-element-a31dead xpro-content-aligncenter jltma-glass-effect-no elementor-widget elementor-widget-xpro-icon-box\" data-id=\"a31dead\" data-element_type=\"widget\" data-widget_type=\"xpro-icon-box.default\">\n\t\t\t\t<div class=\"elementor-widget-container\">\n\t\t\t\r\n<a  class=\"xpro-box-icon-wrapper\">\r\n<div class=\"xpro-box-icon-wrapper-inner\">\r\n\t\r\n\t\t\t<span class=\"xpro-box-icon-item\">\r\n\t\t\t\t<svg xmlns=\"http:\/\/www.w3.org\/2000\/svg\" fill=\"#000000\" width=\"800px\" height=\"800px\" viewbox=\"0 0 16 16\"><path d=\"M0 5.04V4l4-4h8l4 4v1.04L8 16 0 5.04zM2 5l6 8.5L4 5H2zm12 0h-2l-4 8.5L14 5zM6 5l2 6 2-6H6zM4 2L2 4h2l2-2H4zm8 0h-2l2 2h2l-2-2zM7 2L6 4h4L9 2H7z\" fill-rule=\"evenodd\"><\/path><\/svg>\t\t\t<\/span>\r\n\t\r\n\t<span class=\"xpro-box-icon-content\">\r\n\t<h3 class=\"xpro-box-icon-title\">Skin Health<\/h3>\r\n\t\t\t\t\t<p class=\"xpro-box-icon-description\">Am\u00e9liorez la sant\u00e9 de votre peau\ngr\u00e2ce \u00e0 l'exfoliation et \u00e0 la nutrition.<\/p>\r\n\t\t\t\t\t<\/span>\r\n\r\n<\/div>\r\n<\/a>\r\n\t\t<\/div>\n\t\t\t\t<\/div>\n\t\t\t\t<div class=\"elementor-element elementor-element-b8f11b6 xpro-content-aligncenter jltma-glass-effect-no elementor-widget elementor-widget-xpro-icon-box\" data-id=\"b8f11b6\" data-element_type=\"widget\" data-widget_type=\"xpro-icon-box.default\">\n\t\t\t\t<div class=\"elementor-widget-container\">\n\t\t\t\r\n<a  class=\"xpro-box-icon-wrapper\">\r\n<div class=\"xpro-box-icon-wrapper-inner\">\r\n\t\r\n\t\t\t<span class=\"xpro-box-icon-item\">\r\n\t\t\t\t<svg xmlns=\"http:\/\/www.w3.org\/2000\/svg\" width=\"800px\" height=\"800px\" viewbox=\"0 0 24 24\" aria-labelledby=\"happyFaceIconTitle\" stroke=\"#000000\" stroke-width=\"2\" stroke-linecap=\"round\" stroke-linejoin=\"round\" fill=\"none\"><title id=\"happyFaceIconTitle\">Happy Face<\/title><path d=\"M7.3010863,14.0011479 C8.0734404,15.7578367 9.98813711,17 11.9995889,17 C14.0024928,17 15.913479,15.7546194 16.6925307,14.0055328\"><\/path><line stroke-linecap=\"round\" x1=\"9\" y1=\"9\" x2=\"9\" y2=\"9\"><\/line><line stroke-linecap=\"round\" x1=\"15\" y1=\"9\" x2=\"15\" y2=\"9\"><\/line><circle cx=\"12\" cy=\"12\" r=\"10\"><\/circle><\/svg>\t\t\t<\/span>\r\n\t\r\n\t<span class=\"xpro-box-icon-content\">\r\n\t<h3 class=\"xpro-box-icon-title\">Relaxation<\/h3>\r\n\t\t\t\t\t<p class=\"xpro-box-icon-description\">Atteignez un \u00e9tat de relaxation\nprofonde et de soulagement du stress.<\/p>\r\n\t\t\t\t\t<\/span>\r\n\r\n<\/div>\r\n<\/a>\r\n\t\t<\/div>\n\t\t\t\t<\/div>\n\t\t\t\t<div class=\"elementor-element elementor-element-d8a3515 xpro-content-aligncenter jltma-glass-effect-no elementor-widget elementor-widget-xpro-icon-box\" data-id=\"d8a3515\" data-element_type=\"widget\" data-widget_type=\"xpro-icon-box.default\">\n\t\t\t\t<div class=\"elementor-widget-container\">\n\t\t\t\r\n<a  class=\"xpro-box-icon-wrapper\">\r\n<div class=\"xpro-box-icon-wrapper-inner\">\r\n\t\r\n\t\t\t<span class=\"xpro-box-icon-item\">\r\n\t\t\t\t<img decoding=\"async\" width=\"800\" height=\"800\" src=\"https:\/\/cleopatraspahurghada.com\/wp-content\/uploads\/2024\/06\/profile-round-1342-svgrepo-com.svg\" class=\"attachment-full size-full\" alt=\"\" \/>\t\t\t<\/span>\r\n\t\r\n\t<span class=\"xpro-box-icon-content\">\r\n\t<h3 class=\"xpro-box-icon-title\">Cultural Experience<\/h3>\r\n\t\t\t\t\t<p class=\"xpro-box-icon-description\">Impliquez-vous dans des\nrituels traditionnels pour un voyage culturel unique.<\/p>\r\n\t\t\t\t\t<\/span>\r\n\r\n<\/div>\r\n<\/a>\r\n\t\t<\/div>\n\t\t\t\t<\/div>\n\t\t\t\t\t<\/div>\n\t\t\t\t<\/div>\n\t\t<div class=\"elementor-element elementor-element-80999b0 e-flex e-con-boxed e-con e-parent\" data-id=\"80999b0\" data-element_type=\"container\">\n\t\t\t\t\t<div class=\"e-con-inner\">\n\t\t\t\t<div class=\"elementor-element elementor-element-2f862df elementor-arrows-position-inside jltma-glass-effect-no elementor-widget elementor-widget-image-carousel\" data-id=\"2f862df\" data-element_type=\"widget\" data-settings=\"{&quot;slides_to_show&quot;:&quot;1&quot;,&quot;navigation&quot;:&quot;arrows&quot;,&quot;autoplay&quot;:&quot;yes&quot;,&quot;pause_on_hover&quot;:&quot;yes&quot;,&quot;pause_on_interaction&quot;:&quot;yes&quot;,&quot;autoplay_speed&quot;:5000,&quot;infinite&quot;:&quot;yes&quot;,&quot;effect&quot;:&quot;slide&quot;,&quot;speed&quot;:500}\" data-widget_type=\"image-carousel.default\">\n\t\t\t\t<div class=\"elementor-widget-container\">\n\t\t\t\t\t<div class=\"elementor-image-carousel-wrapper swiper\" dir=\"ltr\">\n\t\t\t<div class=\"elementor-image-carousel swiper-wrapper\" aria-live=\"off\">\n\t\t\t\t\t\t\t\t<div class=\"swiper-slide\" role=\"group\" aria-roledescription=\"slide\" aria-label=\"1 sur 10\"><figure class=\"swiper-slide-inner\"><img decoding=\"async\" class=\"swiper-slide-image\" src=\"https:\/\/cleopatraspahurghada.com\/wp-content\/uploads\/2024\/06\/Group-117.png\" alt=\"Group 117\" \/><\/figure><\/div><div class=\"swiper-slide\" role=\"group\" aria-roledescription=\"slide\" aria-label=\"2 sur 10\"><figure class=\"swiper-slide-inner\"><img decoding=\"async\" class=\"swiper-slide-image\" src=\"https:\/\/cleopatraspahurghada.com\/wp-content\/uploads\/2024\/06\/Group-118.png\" alt=\"Group 118\" \/><\/figure><\/div><div class=\"swiper-slide\" role=\"group\" aria-roledescription=\"slide\" aria-label=\"3 sur 10\"><figure class=\"swiper-slide-inner\"><img decoding=\"async\" class=\"swiper-slide-image\" src=\"https:\/\/cleopatraspahurghada.com\/wp-content\/uploads\/2024\/06\/Group-171.png\" alt=\"Group 171\" \/><\/figure><\/div><div class=\"swiper-slide\" role=\"group\" aria-roledescription=\"slide\" aria-label=\"4 sur 10\"><figure class=\"swiper-slide-inner\"><img decoding=\"async\" class=\"swiper-slide-image\" src=\"https:\/\/cleopatraspahurghada.com\/wp-content\/uploads\/2024\/06\/Group-19-1.png\" alt=\"Group 19\" \/><\/figure><\/div><div class=\"swiper-slide\" role=\"group\" aria-roledescription=\"slide\" aria-label=\"5 sur 10\"><figure class=\"swiper-slide-inner\"><img decoding=\"async\" class=\"swiper-slide-image\" src=\"https:\/\/cleopatraspahurghada.com\/wp-content\/uploads\/2024\/06\/Group-210.png\" alt=\"Group 210\" \/><\/figure><\/div><div class=\"swiper-slide\" role=\"group\" aria-roledescription=\"slide\" aria-label=\"6 sur 10\"><figure class=\"swiper-slide-inner\"><img decoding=\"async\" class=\"swiper-slide-image\" src=\"https:\/\/cleopatraspahurghada.com\/wp-content\/uploads\/2024\/06\/Group-20.png\" alt=\"Group 20\" \/><\/figure><\/div><div class=\"swiper-slide\" role=\"group\" aria-roledescription=\"slide\" aria-label=\"7 sur 10\"><figure class=\"swiper-slide-inner\"><img decoding=\"async\" class=\"swiper-slide-image\" src=\"https:\/\/cleopatraspahurghada.com\/wp-content\/uploads\/2024\/06\/Group-18.png\" alt=\"Group 18\" \/><\/figure><\/div><div class=\"swiper-slide\" role=\"group\" aria-roledescription=\"slide\" aria-label=\"8 sur 10\"><figure class=\"swiper-slide-inner\"><img decoding=\"async\" class=\"swiper-slide-image\" src=\"https:\/\/cleopatraspahurghada.com\/wp-content\/uploads\/2024\/06\/Group-2210.png\" alt=\"Group 2210\" \/><\/figure><\/div><div class=\"swiper-slide\" role=\"group\" aria-roledescription=\"slide\" aria-label=\"9 sur 10\"><figure class=\"swiper-slide-inner\"><img decoding=\"async\" class=\"swiper-slide-image\" src=\"https:\/\/cleopatraspahurghada.com\/wp-content\/uploads\/2024\/06\/IMG-20240625-WA00341.jpg\" alt=\"IMG-20240625-WA0034[1]\" \/><\/figure><\/div><div class=\"swiper-slide\" role=\"group\" aria-roledescription=\"slide\" aria-label=\"10 sur 10\"><figure class=\"swiper-slide-inner\"><img decoding=\"async\" class=\"swiper-slide-image\" src=\"https:\/\/cleopatraspahurghada.com\/wp-content\/uploads\/2024\/06\/IMG-20240625-WA00331.jpg\" alt=\"IMG-20240625-WA0033[1]\" \/><\/figure><\/div>\t\t\t<\/div>\n\t\t\t\t\t\t\t\t\t\t\t\t<div class=\"elementor-swiper-button elementor-swiper-button-prev\" role=\"button\" tabindex=\"0\">\n\t\t\t\t\t\t<svg aria-hidden=\"true\" class=\"e-font-icon-svg e-fas-chevron-circle-left\" viewbox=\"0 0 512 512\" xmlns=\"http:\/\/www.w3.org\/2000\/svg\"><path d=\"M256 504C119 504 8 393 8 256S119 8 256 8s248 111 248 248-111 248-248 248zM142.1 273l135.5 135.5c9.4 9.4 24.6 9.4 33.9 0l17-17c9.4-9.4 9.4-24.6 0-33.9L226.9 256l101.6-101.6c9.4-9.4 9.4-24.6 0-33.9l-17-17c-9.4-9.4-24.6-9.4-33.9 0L142.1 239c-9.4 9.4-9.4 24.6 0 34z\"><\/path><\/svg>\t\t\t\t\t<\/div>\n\t\t\t\t\t<div class=\"elementor-swiper-button elementor-swiper-button-next\" role=\"button\" tabindex=\"0\">\n\t\t\t\t\t\t<svg aria-hidden=\"true\" class=\"e-font-icon-svg e-fas-chevron-circle-right\" viewbox=\"0 0 512 512\" xmlns=\"http:\/\/www.w3.org\/2000\/svg\"><path d=\"M256 8c137 0 248 111 248 248S393 504 256 504 8 393 8 256 119 8 256 8zm113.9 231L234.4 103.5c-9.4-9.4-24.6-9.4-33.9 0l-17 17c-9.4 9.4-9.4 24.6 0 33.9L285.1 256 183.5 357.6c-9.4 9.4-9.4 24.6 0 33.9l17 17c9.4 9.4 24.6 9.4 33.9 0L369.9 273c9.4-9.4 9.4-24.6 0-34z\"><\/path><\/svg>\t\t\t\t\t<\/div>\n\t\t\t\t\n\t\t\t\t\t\t\t\t\t<\/div>\n\t\t\t\t<\/div>\n\t\t\t\t<\/div>\n\t\t\t\t\t<\/div>\n\t\t\t\t<\/div>\n\t\t\t\t<\/div>","protected":false},"excerpt":{"rendered":"<p>Hammam at Cleopatra Spa Experience the ultimate relaxation and rejuvenation with our traditional Hammam services. Cleopatra Spa offers anauthentic Hammam experience, allowing you to unwind and detoxify in a serene, culturally-rich atmosphere. Our Hammamtreatments are designed to deeply cleanse and exfoliate your skin, leaving it soft, refreshed, and radiant. Immerse yourself inthe warmth of our [&hellip;]<\/p>","protected":false},"author":1,"featured_media":2927,"parent":0,"menu_order":0,"comment_status":"closed","ping_status":"closed","template":"","meta":{"rank_math_lock_modified_date":false,"site-sidebar-layout":"no-sidebar","site-content-layout":"page-builder","ast-site-content-layout":"","site-content-style":"default","site-sidebar-style":"default","ast-global-header-display":"","ast-banner-title-visibility":"","ast-main-header-display":"","ast-hfb-above-header-display":"","ast-hfb-below-header-display":"","ast-hfb-mobile-header-display":"","site-post-title":"disabled","ast-breadcrumbs-content":"","ast-featured-img":"disabled","footer-sml-layout":"","theme-transparent-header-meta":"default","adv-header-id-meta":"","stick-header-meta":"","header-above-stick-meta":"","header-main-stick-meta":"","header-below-stick-meta":"","astra-migrate-meta-layouts":"default","ast-page-background-enabled":"default","ast-page-background-meta":{"desktop":{"background-color":"","background-image":"","background-repeat":"repeat","background-position":"center center","background-size":"auto","background-attachment":"scroll","background-type":"","background-media":"","overlay-type":"","overlay-color":"","overlay-opacity":"","overlay-gradient":""},"tablet":{"background-color":"","background-image":"","background-repeat":"repeat","background-position":"center center","background-size":"auto","background-attachment":"scroll","background-type":"","background-media":"","overlay-type":"","overlay-color":"","overlay-opacity":"","overlay-gradient":""},"mobile":{"background-color":"","background-image":"","background-repeat":"repeat","background-position":"center center","background-size":"auto","background-attachment":"scroll","background-type":"","background-media":"","overlay-type":"","overlay-color":"","overlay-opacity":"","overlay-gradient":""}},"ast-content-background-meta":{"desktop":{"background-color":"var(--ast-global-color-5)","background-image":"","background-repeat":"repeat","background-position":"center center","background-size":"auto","background-attachment":"scroll","background-type":"","background-media":"","overlay-type":"","overlay-color":"","overlay-opacity":"","overlay-gradient":""},"tablet":{"background-color":"var(--ast-global-color-5)","background-image":"","background-repeat":"repeat","background-position":"center center","background-size":"auto","background-attachment":"scroll","background-type":"","background-media":"","overlay-type":"","overlay-color":"","overlay-opacity":"","overlay-gradient":""},"mobile":{"background-color":"var(--ast-global-color-5)","background-image":"","background-repeat":"repeat","background-position":"center center","background-size":"auto","background-attachment":"scroll","background-type":"","background-media":"","overlay-type":"","overlay-color":"","overlay-opacity":"","overlay-gradient":""}},"_glsr_average":0,"_glsr_ranking":0,"_glsr_reviews":0,"_joinchat":[],"footnotes":""},"_links":{"self":[{"href":"https:\/\/cleopatraspahurghada.com\/fr\/wp-json\/wp\/v2\/pages\/3003"}],"collection":[{"href":"https:\/\/cleopatraspahurghada.com\/fr\/wp-json\/wp\/v2\/pages"}],"about":[{"href":"https:\/\/cleopatraspahurghada.com\/fr\/wp-json\/wp\/v2\/types\/page"}],"author":[{"embeddable":true,"href":"https:\/\/cleopatraspahurghada.com\/fr\/wp-json\/wp\/v2\/users\/1"}],"replies":[{"embeddable":true,"href":"https:\/\/cleopatraspahurghada.com\/fr\/wp-json\/wp\/v2\/comments?post=3003"}],"version-history":[{"count":100,"href":"https:\/\/cleopatraspahurghada.com\/fr\/wp-json\/wp\/v2\/pages\/3003\/revisions"}],"predecessor-version":[{"id":3293,"href":"https:\/\/cleopatraspahurghada.com\/fr\/wp-json\/wp\/v2\/pages\/3003\/revisions\/3293"}],"wp:featuredmedia":[{"embeddable":true,"href":"https:\/\/cleopatraspahurghada.com\/fr\/wp-json\/wp\/v2\/media\/2927"}],"wp:attachment":[{"href":"https:\/\/cleopatraspahurghada.com\/fr\/wp-json\/wp\/v2\/media?parent=3003"}],"curies":[{"name":"wp","href":"https:\/\/api.w.org\/{rel}","templated":true}]}}